{"id":853,"date":"2025-08-05T23:49:25","date_gmt":"2025-08-05T21:49:25","guid":{"rendered":"https:\/\/www.olmedo.com.py\/?page_id=853"},"modified":"2026-02-03T22:25:03","modified_gmt":"2026-02-03T21:25:03","slug":"contacto","status":"publish","type":"page","link":"https:\/\/www.olmedo.com.py\/en\/contacto\/","title":{"rendered":"Contact"},"content":{"rendered":"<div data-elementor-type=\"wp-page\" data-elementor-id=\"853\" class=\"elementor elementor-853\">\n\t\t\t\t<div class=\"elementor-element elementor-element-56ffef7 e-con-full e-flex elementor-invisible e-con e-parent\" data-id=\"56ffef7\" data-element_type=\"container\" data-settings=\"{&quot;background_background&quot;:&quot;classic&quot;,&quot;animation&quot;:&quot;fadeIn&quot;}\">\n\t\t<div class=\"elementor-element elementor-element-55f52e6 e-con-full e-flex e-con e-child\" data-id=\"55f52e6\" data-element_type=\"container\" data-settings=\"{&quot;background_background&quot;:&quot;classic&quot;}\">\n\t\t\t\t<div class=\"elementor-element elementor-element-300569f elementor-widget__width-initial elementor-invisible elementor-widget elementor-widget-heading\" data-id=\"300569f\" data-element_type=\"widget\" data-settings=\"{&quot;_animation&quot;:&quot;fadeInUp&quot;}\" data-widget_type=\"heading.default\">\n\t\t\t\t\t<h2 class=\"elementor-heading-title elementor-size-default\">Contact<\/h2>\t\t\t\t<\/div>\n\t\t\t\t<\/div>\n\t\t<div class=\"elementor-element elementor-element-84edc05 e-con-full e-flex e-con e-child\" data-id=\"84edc05\" data-element_type=\"container\">\n\t\t\t\t<\/div>\n\t\t\t\t<\/div>\n\t\t<div class=\"elementor-element elementor-element-9358132 e-con-full e-flex e-con e-parent\" data-id=\"9358132\" data-element_type=\"container\">\n\t\t<div class=\"elementor-element elementor-element-6b2d245 e-con-full e-flex e-con e-child\" data-id=\"6b2d245\" data-element_type=\"container\">\n\t\t\t\t<div class=\"elementor-element elementor-element-6bc6282 elementor-invisible elementor-widget elementor-widget-heading\" data-id=\"6bc6282\" data-element_type=\"widget\" data-settings=\"{&quot;_animation&quot;:&quot;fadeInUp&quot;}\" data-widget_type=\"heading.default\">\n\t\t\t\t\t<h2 class=\"elementor-heading-title elementor-size-default\">Email<\/h2>\t\t\t\t<\/div>\n\t\t\t\t<div class=\"elementor-element elementor-element-610dab6 elementor-invisible elementor-widget elementor-widget-heading\" data-id=\"610dab6\" data-element_type=\"widget\" data-settings=\"{&quot;_animation&quot;:&quot;fadeIn&quot;}\" data-widget_type=\"heading.default\">\n\t\t\t\t\t<h2 class=\"elementor-heading-title elementor-size-default\">info@olmedo.com.py<\/h2>\t\t\t\t<\/div>\n\t\t\t\t<div class=\"elementor-element elementor-element-a4222d1 elementor-invisible elementor-widget elementor-widget-heading\" data-id=\"a4222d1\" data-element_type=\"widget\" data-settings=\"{&quot;_animation&quot;:&quot;fadeInUp&quot;}\" data-widget_type=\"heading.default\">\n\t\t\t\t\t<h2 class=\"elementor-heading-title elementor-size-default\">PHONE<\/h2>\t\t\t\t<\/div>\n\t\t\t\t<div class=\"elementor-element elementor-element-49d9b67 elementor-invisible elementor-widget elementor-widget-heading\" data-id=\"49d9b67\" data-element_type=\"widget\" data-settings=\"{&quot;_animation&quot;:&quot;fadeIn&quot;}\" data-widget_type=\"heading.default\">\n\t\t\t\t\t<h2 class=\"elementor-heading-title elementor-size-default\">021 207 185\/7 <\/h2>\t\t\t\t<\/div>\n\t\t\t\t<\/div>\n\t\t<div class=\"elementor-element elementor-element-4f1bc7c e-con-full e-flex e-con e-child\" data-id=\"4f1bc7c\" data-element_type=\"container\" data-settings=\"{&quot;background_background&quot;:&quot;classic&quot;}\">\n\t\t\t\t<div class=\"elementor-element elementor-element-b8cae37 elementor-invisible elementor-widget elementor-widget-heading\" data-id=\"b8cae37\" data-element_type=\"widget\" data-settings=\"{&quot;_animation&quot;:&quot;fadeInUp&quot;}\" data-widget_type=\"heading.default\">\n\t\t\t\t\t<h2 class=\"elementor-heading-title elementor-size-default\">WRITE US<\/h2>\t\t\t\t<\/div>\n\t\t\t\t<div class=\"elementor-element elementor-element-386bfcd elementor-widget__width-inherit elementor-widget elementor-widget-jet-engine-booking-form\" data-id=\"386bfcd\" data-element_type=\"widget\" data-widget_type=\"jet-engine-booking-form.default\">\n\t\t\t\t<div class=\"elementor-widget-container\">\n\t\t\t\t\t<form  class=\"jet-form layout-column submit-type-reload\" action=\"\/en\/wp-json\/wp\/v2\/pages\/853?jet_engine_action=book&#038;nocache=1777400295\" method=\"POST\" data-form-id=\"759\" data-trp-original-action=\"\/en\/wp-json\/wp\/v2\/pages\/853?jet_engine_action=book&#038;nocache=1777400295\"><input class=\"jet-form__field hidden-field\" type=\"hidden\" name=\"_jet_engine_booking_form_id\" value=\"759\" data-field-name=\"_jet_engine_booking_form_id\"><input class=\"jet-form__field hidden-field\" type=\"hidden\" name=\"_jet_engine_refer\" value=\"https:\/\/www.olmedo.com.py\/en\/wp-json\/wp\/v2\/pages\/853\" data-field-name=\"_jet_engine_refer\"><div  class=\"jet-form-row jet-form-row--hidden\"><div class=\"jet-form-col jet-form-col-12  field-type-hidden  jet-form-field-container\" data-field=\"post_id\" data-conditional=\"false\"><input class=\"jet-form__field hidden-field\" type=\"hidden\" name=\"post_id\" value=\"853\" data-field-name=\"post_id\"><\/div><\/div><div  class=\"jet-form-row jet-form-row--first-visible\"><div class=\"jet-form-col jet-form-col-6  field-type-text  jet-form-field-container\" data-field=\"field_nombre\" data-conditional=\"false\"><input class=\"jet-form__field text-field\" placeholder=\"Name\" value=\"\" required=\"required\" name=\"field_nombre\" id=\"field_nombre\" type=\"text\" data-field-name=\"field_nombre\"><\/div><div class=\"jet-form-col jet-form-col-6  field-type-text  jet-form-field-container\" data-field=\"field_mail\" data-conditional=\"false\"><input class=\"jet-form__field text-field\" placeholder=\"Email\" value=\"\" required=\"required\" name=\"field_mail\" id=\"field_mail\" type=\"email\" data-field-name=\"field_mail\"><\/div><\/div><div  class=\"jet-form-row\"><div class=\"jet-form-col jet-form-col-12  field-type-textarea  jet-form-field-container\" data-field=\"field_Mensaje\" data-conditional=\"false\"><textarea class=\"jet-form__field textarea-field\" placeholder=\"Message\" required=\"required\" name=\"field_Mensaje\" data-field-name=\"field_Mensaje\" id=\"field_Mensaje\"><\/textarea><\/div><\/div><div  class=\"jet-form-row jet-form-row--submit\"><div class=\"jet-form-col jet-form-col-12  field-type-submit  jet-form-field-container\" data-field=\"Submit\" data-conditional=\"false\"><div class=\"jet-form__submit-wrap\">\n\t\t<button class=\"jet-form__submit submit-type-reload\" type=\"submit\">Send<\/button>\n<\/div><\/div><\/div><input class=\"jet-form__field hidden-field\" type=\"hidden\" name=\"_jet_engine_nonce\" value=\"4ab6acc957\" data-field-name=\"_jet_engine_nonce\"><input type=\"hidden\" name=\"trp-form-language\" value=\"en\"\/><\/form>\t\t\t\t<\/div>\n\t\t\t\t<\/div>\n\t\t\t\t<\/div>\n\t\t\t\t<\/div>\n\t\t<div class=\"elementor-element elementor-element-7aae919 e-con-full e-flex e-con e-parent\" data-id=\"7aae919\" data-element_type=\"container\" data-settings=\"{&quot;background_background&quot;:&quot;classic&quot;}\">\n\t\t\t\t<div class=\"elementor-element elementor-element-2ea06d4 elementor-invisible elementor-widget elementor-widget-heading\" data-id=\"2ea06d4\" data-element_type=\"widget\" data-settings=\"{&quot;_animation&quot;:&quot;fadeInUp&quot;}\" data-widget_type=\"heading.default\">\n\t\t\t\t\t<h2 class=\"elementor-heading-title elementor-size-default\">OFFICES<\/h2>\t\t\t\t<\/div>\n\t\t\t\t<div class=\"elementor-element elementor-element-cc86777 e-n-tabs-none elementor-widget elementor-widget-n-tabs\" data-id=\"cc86777\" data-element_type=\"widget\" data-settings=\"{&quot;tabs_justify_horizontal&quot;:&quot;start&quot;,&quot;horizontal_scroll&quot;:&quot;disable&quot;}\" data-widget_type=\"nested-tabs.default\">\n\t\t\t\t\t\t\t<div class=\"e-n-tabs\" data-widget-number=\"214460279\" aria-label=\"Tabs. Open items with Enter or Space, close with Escape and navigate using the Arrow keys.\" data-no-translation-aria-label=\"\">\n\t\t\t<div class=\"e-n-tabs-heading\" role=\"tablist\">\n\t\t\t\t\t<button id=\"e-n-tab-title-2144602791\" data-tab-title-id=\"e-n-tab-title-2144602791\" class=\"e-n-tab-title\" aria-selected=\"true\" data-tab-index=\"1\" role=\"tab\" tabindex=\"0\" aria-controls=\"e-n-tab-content-2144602791\" style=\"--n-tabs-title-order: 1;\">\n\t\t\t\t\t\t<span class=\"e-n-tab-title-text\">\n\t\t\t\tAsunci\u00f3n Office\t\t\t<\/span>\n\t\t<\/button>\n\t\t\t\t<button id=\"e-n-tab-title-2144602792\" data-tab-title-id=\"e-n-tab-title-2144602792\" class=\"e-n-tab-title\" aria-selected=\"false\" data-tab-index=\"2\" role=\"tab\" tabindex=\"-1\" aria-controls=\"e-n-tab-content-2144602792\" style=\"--n-tabs-title-order: 2;\">\n\t\t\t\t\t\t<span class=\"e-n-tab-title-text\">\n\t\t\t\tEncarnaci\u00f3n Office\t\t\t<\/span>\n\t\t<\/button>\n\t\t\t\t<button id=\"e-n-tab-title-2144602793\" data-tab-title-id=\"e-n-tab-title-2144602793\" class=\"e-n-tab-title\" aria-selected=\"false\" data-tab-index=\"3\" role=\"tab\" tabindex=\"-1\" aria-controls=\"e-n-tab-content-2144602793\" style=\"--n-tabs-title-order: 3;\">\n\t\t\t\t\t\t<span class=\"e-n-tab-title-text\">\n\t\t\t\tCiudad del Este Office\t\t\t<\/span>\n\t\t<\/button>\n\t\t\t\t\t<\/div>\n\t\t\t<div class=\"e-n-tabs-content\">\n\t\t\t\t<div id=\"e-n-tab-content-2144602791\" role=\"tabpanel\" aria-labelledby=\"e-n-tab-title-2144602791\" data-tab-index=\"1\" style=\"--n-tabs-title-order: 1;\" class=\"e-active elementor-element elementor-element-66c30c7 e-con-full e-flex elementor-invisible e-con e-child\" data-id=\"66c30c7\" data-element_type=\"container\" data-settings=\"{&quot;background_background&quot;:&quot;classic&quot;,&quot;animation&quot;:&quot;fadeIn&quot;}\">\n\t\t<div class=\"elementor-element elementor-element-ffca694 e-con-full e-flex e-con e-child\" data-id=\"ffca694\" data-element_type=\"container\">\n\t\t<div class=\"elementor-element elementor-element-8a4b542 e-con-full e-flex e-con e-child\" data-id=\"8a4b542\" data-element_type=\"container\">\n\t\t\t\t<div class=\"elementor-element elementor-element-4423c06 elementor-widget elementor-widget-heading\" data-id=\"4423c06\" data-element_type=\"widget\" data-settings=\"{&quot;_animation&quot;:&quot;none&quot;}\" data-widget_type=\"heading.default\">\n\t\t\t\t\t<h2 class=\"elementor-heading-title elementor-size-default\">Avenida Per\u00fa esq. Espa\u00f1a N\u00b0 505 - Asunci\u00f3n | Paraguay<\/h2>\t\t\t\t<\/div>\n\t\t\t\t<\/div>\n\t\t<div class=\"elementor-element elementor-element-4e73690 e-con-full e-flex e-con e-child\" data-id=\"4e73690\" data-element_type=\"container\">\n\t\t\t\t<div class=\"elementor-element elementor-element-670bcad elementor-widget elementor-widget-google_maps\" data-id=\"670bcad\" data-element_type=\"widget\" data-widget_type=\"google_maps.default\">\n\t\t\t\t\t\t\t<div class=\"elementor-custom-embed\">\n\t\t\t<iframe loading=\"lazy\"\n\t\t\t\t\tsrc=\"https:\/\/maps.google.com\/maps?q=Avenida%20Per%C3%BA%20esq.%20Espa%C3%B1a%20N%C2%B0%20505%20-%20Asunci%C3%B3n%20%7C%20Paraguay&#038;t=m&#038;z=16&#038;output=embed&#038;iwloc=near\"\n\t\t\t\t\ttitle=\"Avenida Per\u00fa esq. Espa\u00f1a N\u00b0 505 - Asunci\u00f3n | Paraguay\"\n\t\t\t\t\taria-label=\"Avenida Per\u00fa esq. Espa\u00f1a N\u00b0 505 - Asunci\u00f3n | Paraguay\"\n\t\t\t><\/iframe>\n\t\t<\/div>\n\t\t\t\t\t\t<\/div>\n\t\t\t\t<\/div>\n\t\t\t\t<\/div>\n\t\t\t\t<\/div>\n\t\t<div id=\"e-n-tab-content-2144602792\" role=\"tabpanel\" aria-labelledby=\"e-n-tab-title-2144602792\" data-tab-index=\"2\" style=\"--n-tabs-title-order: 2;\" class=\"elementor-element elementor-element-5c77bd1 e-con-full e-flex elementor-invisible e-con e-child\" data-id=\"5c77bd1\" data-element_type=\"container\" data-settings=\"{&quot;background_background&quot;:&quot;classic&quot;,&quot;animation&quot;:&quot;fadeIn&quot;}\">\n\t\t<div class=\"elementor-element elementor-element-c1829bc e-flex e-con-boxed e-con e-child\" data-id=\"c1829bc\" data-element_type=\"container\">\n\t\t\t\t\t<div class=\"e-con-inner\">\n\t\t<div class=\"elementor-element elementor-element-6cfab1e e-con-full e-flex e-con e-child\" data-id=\"6cfab1e\" data-element_type=\"container\">\n\t\t\t\t<div class=\"elementor-element elementor-element-1e83196 elementor-widget elementor-widget-heading\" data-id=\"1e83196\" data-element_type=\"widget\" data-settings=\"{&quot;_animation&quot;:&quot;none&quot;}\" data-widget_type=\"heading.default\">\n\t\t\t\t\t<h2 class=\"elementor-heading-title elementor-size-default\">Jovenes por la Democracia N\u00b01741 \u2013 Edificio Libra 2do Piso, Oficina N\u00b0 2F - Encarnaci\u00f3n | Paraguay<\/h2>\t\t\t\t<\/div>\n\t\t\t\t<\/div>\n\t\t<div class=\"elementor-element elementor-element-e587612 e-con-full e-flex e-con e-child\" data-id=\"e587612\" data-element_type=\"container\">\n\t\t\t\t<div class=\"elementor-element elementor-element-c7f7407 elementor-widget elementor-widget-google_maps\" data-id=\"c7f7407\" data-element_type=\"widget\" data-widget_type=\"google_maps.default\">\n\t\t\t\t\t\t\t<div class=\"elementor-custom-embed\">\n\t\t\t<iframe loading=\"lazy\"\n\t\t\t\t\tsrc=\"https:\/\/maps.google.com\/maps?q=Jovenes%20por%20la%20Democracia%20N%C2%B01741%20%E2%80%93%20Edificio%20Libra%202do%20Piso%2C%20Oficina%20N%C2%B0%202F%20-%20Encarnaci%C3%B3n%20%7C%20Paraguay&#038;t=m&#038;z=16&#038;output=embed&#038;iwloc=near\"\n\t\t\t\t\ttitle=\"Jovenes por la Democracia N\u00b01741 \u2013 Edificio Libra 2do Piso, Oficina N\u00b0 2F - Encarnaci\u00f3n | Paraguay\"\n\t\t\t\t\taria-label=\"Jovenes por la Democracia N\u00b01741 \u2013 Edificio Libra 2do Piso, Oficina N\u00b0 2F - Encarnaci\u00f3n | Paraguay\"\n\t\t\t><\/iframe>\n\t\t<\/div>\n\t\t\t\t\t\t<\/div>\n\t\t\t\t<\/div>\n\t\t\t\t\t<\/div>\n\t\t\t\t<\/div>\n\t\t\t\t<\/div>\n\t\t<div id=\"e-n-tab-content-2144602793\" role=\"tabpanel\" aria-labelledby=\"e-n-tab-title-2144602793\" data-tab-index=\"3\" style=\"--n-tabs-title-order: 3;\" class=\"elementor-element elementor-element-875720e e-con-full e-flex elementor-invisible e-con e-child\" data-id=\"875720e\" data-element_type=\"container\" data-settings=\"{&quot;background_background&quot;:&quot;classic&quot;,&quot;animation&quot;:&quot;fadeIn&quot;}\">\n\t\t<div class=\"elementor-element elementor-element-03bb5c1 e-con-full e-flex e-con e-child\" data-id=\"03bb5c1\" data-element_type=\"container\">\n\t\t<div class=\"elementor-element elementor-element-b4bdec6 e-con-full e-flex e-con e-child\" data-id=\"b4bdec6\" data-element_type=\"container\">\n\t\t\t\t<div class=\"elementor-element elementor-element-8763ba6 elementor-widget elementor-widget-heading\" data-id=\"8763ba6\" data-element_type=\"widget\" data-settings=\"{&quot;_animation&quot;:&quot;none&quot;}\" data-widget_type=\"heading.default\">\n\t\t\t\t\t<h2 class=\"elementor-heading-title elementor-size-default\">Edificio DUNAS, Avda. Cnel. Jos\u00e9 J. S\u00e1nchez esquina Octavio Bosch, Barrio Pablo Rojas, Departamento 102 - Ciudad del Este | Paraguay<\/h2>\t\t\t\t<\/div>\n\t\t\t\t<\/div>\n\t\t<div class=\"elementor-element elementor-element-0851c87 e-con-full e-flex e-con e-child\" data-id=\"0851c87\" data-element_type=\"container\">\n\t\t\t\t<div class=\"elementor-element elementor-element-6fe0463 elementor-widget elementor-widget-google_maps\" data-id=\"6fe0463\" data-element_type=\"widget\" data-widget_type=\"google_maps.default\">\n\t\t\t\t\t\t\t<div class=\"elementor-custom-embed\">\n\t\t\t<iframe loading=\"lazy\"\n\t\t\t\t\tsrc=\"https:\/\/maps.google.com\/maps?q=Edificio%20DUNAS%2C%20Avda.%20Cnel.%20Jos%C3%A9%20J.%20S%C3%A1nchez%20esquina%20Octavio%20Bosch%2C%20Barrio%20Pablo%20Rojas%2C%20Departamento%20102%20-%20Ciudad%20del%20Este%20%7C%20Paraguay&#038;t=m&#038;z=16&#038;output=embed&#038;iwloc=near\"\n\t\t\t\t\ttitle=\"Edificio DUNAS, Avda. Cnel. Jos\u00e9 J. S\u00e1nchez esquina Octavio Bosch, Barrio Pablo Rojas, Departamento 102 - Ciudad del Este | Paraguay\"\n\t\t\t\t\taria-label=\"Edificio DUNAS, Avda. Cnel. Jos\u00e9 J. S\u00e1nchez esquina Octavio Bosch, Barrio Pablo Rojas, Departamento 102 - Ciudad del Este | Paraguay\"\n\t\t\t><\/iframe>\n\t\t<\/div>\n\t\t\t\t\t\t<\/div>\n\t\t\t\t<\/div>\n\t\t\t\t<\/div>\n\t\t\t\t<\/div>\n\t\t\t\t\t<\/div>\n\t\t<\/div>\n\t\t\t\t\t\t<\/div>\n\t\t\t\t<\/div>\n\t\t\t\t<\/div>","protected":false},"excerpt":{"rendered":"<p>Mail Tel\u00e9fono Escr\u00edbanos Enviar Oficinas Sede Asunci\u00f3n Sede Encarnaci\u00f3n Sede C. del Este<\/p>","protected":false},"author":1,"featured_media":0,"parent":0,"menu_order":0,"comment_status":"closed","ping_status":"closed","template":"full-width.php","meta":{"_acf_changed":false,"footnotes":""},"class_list":["post-853","page","type-page","status-publish","hentry"],"acf":[],"_links":{"self":[{"href":"https:\/\/www.olmedo.com.py\/en\/wp-json\/wp\/v2\/pages\/853","targetHints":{"allow":["GET"]}}],"collection":[{"href":"https:\/\/www.olmedo.com.py\/en\/wp-json\/wp\/v2\/pages"}],"about":[{"href":"https:\/\/www.olmedo.com.py\/en\/wp-json\/wp\/v2\/types\/page"}],"author":[{"embeddable":true,"href":"https:\/\/www.olmedo.com.py\/en\/wp-json\/wp\/v2\/users\/1"}],"replies":[{"embeddable":true,"href":"https:\/\/www.olmedo.com.py\/en\/wp-json\/wp\/v2\/comments?post=853"}],"version-history":[{"count":40,"href":"https:\/\/www.olmedo.com.py\/en\/wp-json\/wp\/v2\/pages\/853\/revisions"}],"predecessor-version":[{"id":1887,"href":"https:\/\/www.olmedo.com.py\/en\/wp-json\/wp\/v2\/pages\/853\/revisions\/1887"}],"wp:attachment":[{"href":"https:\/\/www.olmedo.com.py\/en\/wp-json\/wp\/v2\/media?parent=853"}],"curies":[{"name":"wp","href":"https:\/\/api.w.org\/{rel}","templated":true}]}}