{"id":841,"date":"2025-08-05T23:46:28","date_gmt":"2025-08-05T21:46:28","guid":{"rendered":"https:\/\/www.olmedo.com.py\/?page_id=841"},"modified":"2026-04-16T22:38:46","modified_gmt":"2026-04-16T20:38:46","slug":"nosotros","status":"publish","type":"page","link":"https:\/\/www.olmedo.com.py\/en\/nosotros\/","title":{"rendered":"About Us"},"content":{"rendered":"\t\t<div data-elementor-type=\"wp-page\" data-elementor-id=\"841\" class=\"elementor elementor-841\">\n\t\t\t\t<div class=\"elementor-element elementor-element-c88da20 e-con-full e-flex elementor-invisible e-con e-parent\" data-id=\"c88da20\" data-element_type=\"container\" data-settings=\"{&quot;background_background&quot;:&quot;classic&quot;,&quot;animation&quot;:&quot;fadeIn&quot;}\">\n\t\t<div class=\"elementor-element elementor-element-783fe66 e-con-full e-flex e-con e-child\" data-id=\"783fe66\" data-element_type=\"container\" data-settings=\"{&quot;background_background&quot;:&quot;classic&quot;}\">\n\t\t\t\t<div class=\"elementor-element elementor-element-d2ea42c elementor-hidden-desktop elementor-hidden-tablet elementor-hidden-mobile elementor-widget elementor-widget-heading\" data-id=\"d2ea42c\" data-element_type=\"widget\" data-widget_type=\"heading.default\">\n\t\t\t\t\t<h2 class=\"elementor-heading-title elementor-size-default\">SOBRE<\/h2>\t\t\t\t<\/div>\n\t\t\t\t<div class=\"elementor-element elementor-element-7c4025a elementor-widget__width-initial elementor-invisible elementor-widget elementor-widget-heading\" data-id=\"7c4025a\" data-element_type=\"widget\" data-settings=\"{&quot;_animation&quot;:&quot;fadeInUp&quot;}\" data-widget_type=\"heading.default\">\n\t\t\t\t\t<h2 class=\"elementor-heading-title elementor-size-default\">Nosotros<\/h2>\t\t\t\t<\/div>\n\t\t\t\t<\/div>\n\t\t\t\t<\/div>\n\t\t<div class=\"elementor-element elementor-element-762b7be e-con-full e-flex e-con e-parent\" data-id=\"762b7be\" data-element_type=\"container\" data-settings=\"{&quot;background_background&quot;:&quot;classic&quot;}\">\n\t\t<div class=\"elementor-element elementor-element-8d01881 e-con-full e-flex e-con e-child\" data-id=\"8d01881\" data-element_type=\"container\" data-settings=\"{&quot;background_background&quot;:&quot;classic&quot;}\">\n\t\t\t\t<div class=\"elementor-element elementor-element-3c9c4ec elementor-widget-tablet__width-inherit elementor-invisible elementor-widget elementor-widget-image\" data-id=\"3c9c4ec\" data-element_type=\"widget\" data-settings=\"{&quot;_animation&quot;:&quot;fadeIn&quot;}\" data-widget_type=\"image.default\">\n\t\t\t\t\t\t\t\t\t\t\t\t\t\t\t<img fetchpriority=\"high\" decoding=\"async\" width=\"1252\" height=\"900\" src=\"https:\/\/www.olmedo.com.py\/wp-content\/uploads\/2025\/12\/foto_Casa-2.jpg\" class=\"attachment-full size-full wp-image-1670\" alt=\"\" srcset=\"https:\/\/www.olmedo.com.py\/wp-content\/uploads\/2025\/12\/foto_Casa-2.jpg 1252w, https:\/\/www.olmedo.com.py\/wp-content\/uploads\/2025\/12\/foto_Casa-2-300x216.jpg 300w, https:\/\/www.olmedo.com.py\/wp-content\/uploads\/2025\/12\/foto_Casa-2-1024x736.jpg 1024w, https:\/\/www.olmedo.com.py\/wp-content\/uploads\/2025\/12\/foto_Casa-2-768x552.jpg 768w\" sizes=\"(max-width: 1252px) 100vw, 1252px\" \/>\t\t\t\t\t\t\t\t\t\t\t\t\t\t\t<\/div>\n\t\t\t\t<\/div>\n\t\t<div class=\"elementor-element elementor-element-8247723 e-con-full e-flex e-con e-child\" data-id=\"8247723\" data-element_type=\"container\">\n\t\t\t\t<div class=\"elementor-element elementor-element-e12f784 elementor-widget__width-initial elementor-widget-tablet__width-inherit elementor-widget elementor-widget-heading\" data-id=\"e12f784\" data-element_type=\"widget\" data-widget_type=\"heading.default\">\n\t\t\t\t\t<h2 class=\"elementor-heading-title elementor-size-default\">Nuestra \nFirma<\/h2>\t\t\t\t<\/div>\n\t\t\t\t<div class=\"elementor-element elementor-element-acbf680 elementor-widget elementor-widget-text-editor\" data-id=\"acbf680\" data-element_type=\"widget\" data-widget_type=\"text-editor.default\">\n\t\t\t\t\t\t\t\t\t<div><p><strong>Con m\u00e1s de cinco d\u00e9cadas de trayectoria, Olmedo Abogados combina la solidez de una firma con historia y el impulso de nuevas generaciones que entienden las din\u00e1micas actuales del mercado en Paraguay.<\/strong><\/p><p>Nuestro enfoque\u00a0<em>full-service<\/em> nace del prop\u00f3sito de ofrecer asesor\u00eda legal \u00e1gil, rigurosa y totalmente alineada con las necesidades de un pa\u00eds en constante crecimiento.<\/p><p>Nos caracteriza un enfoque profundamente humano y multidisciplinario, donde cada asunto de nuestros clientes se convierte en\u00a0<strong><i>un asunto nuestro<\/i>.<\/strong><\/p><p>Acompa\u00f1amos a entidades locales e internacionales en sus retos m\u00e1s relevantes, brindando soluciones integrales y una experiencia marcada por la excelencia, la confianza y el compromiso \u00e9tico que nos distingue.<\/p><\/div>\t\t\t\t\t\t\t\t<\/div>\n\t\t\t\t<\/div>\n\t\t\t\t<\/div>\n\t\t<div class=\"elementor-element elementor-element-4bb4308 e-con-full e-flex e-con e-parent\" data-id=\"4bb4308\" data-element_type=\"container\">\n\t\t\t\t<div class=\"elementor-element elementor-element-685d0ef elementor-widget__width-initial elementor-widget elementor-widget-heading\" data-id=\"685d0ef\" data-element_type=\"widget\" data-widget_type=\"heading.default\">\n\t\t\t\t\t<h2 class=\"elementor-heading-title elementor-size-default\">Nuestras\nOficinas<\/h2>\t\t\t\t<\/div>\n\t\t\t\t<div class=\"elementor-element elementor-element-c031a62 elementor-widget__width-initial elementor-widget elementor-widget-jet-listing-grid\" data-id=\"c031a62\" data-element_type=\"widget\" data-settings=\"{&quot;columns&quot;:&quot;1&quot;}\" data-widget_type=\"jet-listing-grid.default\">\n\t\t\t\t\t<div class=\"jet-listing-grid jet-listing\"><div class=\"jet-listing-grid__slider\" data-slider_options=\"{&quot;autoplaySpeed&quot;:5000,&quot;autoplay&quot;:false,&quot;pauseOnHover&quot;:true,&quot;infinite&quot;:true,&quot;centerMode&quot;:false,&quot;speed&quot;:500,&quot;arrows&quot;:true,&quot;dots&quot;:false,&quot;slidesToScroll&quot;:1,&quot;prevArrow&quot;:&quot;\\u003Cdiv class=\\u0027jet-listing-grid__slider-icon prev-arrow \\u0027 role=\\u0027button\\u0027 aria-label=\\u0027Previous\\u0027\\u003E\\u003Csvg width=\\u0027180\\u0027 height=\\u0027180\\u0027 viewBox=\\u00270 0 180 180\\u0027 fill=\\u0027none\\u0027 xmlns=\\u0027http:\\\/\\\/www.w3.org\\\/2000\\\/svg\\u0027\\u003E\\u003Cpath d=\\u0027M119 47.3166C119 48.185 118.668 48.9532 118.003 49.6212L78.8385 89L118.003 128.379C118.668 129.047 119 129.815 119 130.683C119 131.552 118.668 132.32 118.003 132.988L113.021 137.998C112.356 138.666 111.592 139 110.729 139C109.865 139 109.101 138.666 108.436 137.998L61.9966 91.3046C61.3322 90.6366 61 89.8684 61 89C61 88.1316 61.3322 87.3634 61.9966 86.6954L108.436 40.002C109.101 39.334 109.865 39 110.729 39C111.592 39 112.356 39.334 113.021 40.002L118.003 45.012C118.668 45.68 119 46.4482 119 47.3166Z\\u0027 fill=\\u0027black\\u0027\\\/\\u003E\\u003C\\\/svg\\u003E\\u003C\\\/div\\u003E&quot;,&quot;nextArrow&quot;:&quot;\\u003Cdiv class=\\u0027jet-listing-grid__slider-icon next-arrow \\u0027 role=\\u0027button\\u0027 aria-label=\\u0027Next\\u0027\\u003E\\u003Csvg width=\\u0027180\\u0027 height=\\u0027180\\u0027 viewBox=\\u00270 0 180 180\\u0027 fill=\\u0027none\\u0027 xmlns=\\u0027http:\\\/\\\/www.w3.org\\\/2000\\\/svg\\u0027\\u003E\\u003Cpath d=\\u0027M119 47.3166C119 48.185 118.668 48.9532 118.003 49.6212L78.8385 89L118.003 128.379C118.668 129.047 119 129.815 119 130.683C119 131.552 118.668 132.32 118.003 132.988L113.021 137.998C112.356 138.666 111.592 139 110.729 139C109.865 139 109.101 138.666 108.436 137.998L61.9966 91.3046C61.3322 90.6366 61 89.8684 61 89C61 88.1316 61.3322 87.3634 61.9966 86.6954L108.436 40.002C109.101 39.334 109.865 39 110.729 39C111.592 39 112.356 39.334 113.021 40.002L118.003 45.012C118.668 45.68 119 46.4482 119 47.3166Z\\u0027 fill=\\u0027black\\u0027\\\/\\u003E\\u003C\\\/svg\\u003E\\u003C\\\/div\\u003E&quot;,&quot;rtl&quot;:false,&quot;itemsCount&quot;:3,&quot;fade&quot;:false,&quot;slidesToShow&quot;:{&quot;desktop&quot;:1,&quot;tablet&quot;:1,&quot;mobile&quot;:1}}\" dir=\"ltr\"><div class=\"jet-listing-grid__items grid-col-desk-1 grid-col-tablet-1 grid-col-mobile-1 jet-listing-grid--1722\" data-queried-id=\"841|WP_Post\" data-nav=\"{&quot;enabled&quot;:false,&quot;type&quot;:null,&quot;more_el&quot;:null,&quot;query&quot;:[],&quot;widget_settings&quot;:{&quot;lisitng_id&quot;:1722,&quot;posts_num&quot;:3,&quot;columns&quot;:1,&quot;columns_tablet&quot;:1,&quot;columns_mobile&quot;:1,&quot;column_min_width&quot;:240,&quot;column_min_width_tablet&quot;:240,&quot;column_min_width_mobile&quot;:240,&quot;inline_columns_css&quot;:false,&quot;is_archive_template&quot;:&quot;&quot;,&quot;post_status&quot;:[&quot;publish&quot;],&quot;use_random_posts_num&quot;:&quot;&quot;,&quot;max_posts_num&quot;:9,&quot;not_found_message&quot;:&quot;No data was found&quot;,&quot;is_masonry&quot;:false,&quot;equal_columns_height&quot;:&quot;&quot;,&quot;use_load_more&quot;:&quot;&quot;,&quot;load_more_id&quot;:&quot;&quot;,&quot;load_more_type&quot;:&quot;click&quot;,&quot;load_more_offset&quot;:{&quot;unit&quot;:&quot;px&quot;,&quot;size&quot;:0,&quot;sizes&quot;:[]},&quot;use_custom_post_types&quot;:&quot;&quot;,&quot;custom_post_types&quot;:[],&quot;hide_widget_if&quot;:&quot;&quot;,&quot;carousel_enabled&quot;:&quot;yes&quot;,&quot;slides_to_scroll&quot;:&quot;1&quot;,&quot;arrows&quot;:&quot;true&quot;,&quot;arrow_icon&quot;:&quot;fa fa-angle-left&quot;,&quot;dots&quot;:&quot;&quot;,&quot;autoplay&quot;:&quot;true&quot;,&quot;pause_on_hover&quot;:&quot;true&quot;,&quot;autoplay_speed&quot;:5000,&quot;infinite&quot;:&quot;true&quot;,&quot;center_mode&quot;:&quot;&quot;,&quot;effect&quot;:&quot;slide&quot;,&quot;speed&quot;:500,&quot;inject_alternative_items&quot;:&quot;&quot;,&quot;injection_items&quot;:[],&quot;scroll_slider_enabled&quot;:&quot;&quot;,&quot;scroll_slider_on&quot;:[&quot;desktop&quot;,&quot;tablet&quot;,&quot;mobile&quot;],&quot;custom_query&quot;:false,&quot;custom_query_id&quot;:&quot;&quot;,&quot;_element_id&quot;:&quot;&quot;,&quot;collapse_first_last_gap&quot;:false,&quot;list_tag_selection&quot;:&quot;&quot;,&quot;list_items_wrapper_tag&quot;:&quot;div&quot;,&quot;list_item_tag&quot;:&quot;div&quot;,&quot;empty_items_wrapper_tag&quot;:&quot;div&quot;}}\" data-page=\"1\" data-pages=\"1\" data-listing-source=\"posts\" data-listing-id=\"1722\" data-query-id=\"\"><div class=\"jet-listing-grid__item jet-listing-dynamic-post-1718\" data-post-id=\"1718\"  >\t\t<div data-elementor-type=\"jet-listing-items\" data-elementor-id=\"1722\" class=\"elementor elementor-1722\">\n\t\t\t\t<div class=\"elementor-element elementor-element-f55175e e-flex e-con-boxed elementor-invisible e-con e-parent\" data-id=\"f55175e\" data-element_type=\"container\" data-settings=\"{&quot;animation&quot;:&quot;fadeIn&quot;}\">\n\t\t\t\t\t<div class=\"e-con-inner\">\n\t\t<div class=\"elementor-element elementor-element-8d354c9 e-con-full e-flex e-con e-child\" data-id=\"8d354c9\" data-element_type=\"container\">\n\t\t<div class=\"elementor-element elementor-element-04058d6 e-con-full e-flex elementor-invisible e-con e-child\" data-id=\"04058d6\" data-element_type=\"container\" data-settings=\"{&quot;background_background&quot;:&quot;classic&quot;,&quot;animation&quot;:&quot;fadeInRight&quot;}\">\n\t\t\t\t<div class=\"elementor-element elementor-element-10d3af0 elementor-widget elementor-widget-heading\" data-id=\"10d3af0\" data-element_type=\"widget\" data-widget_type=\"heading.default\">\n\t\t\t\t\t<h2 class=\"elementor-heading-title elementor-size-default\">Sede Asunci\u00f3n<\/h2>\t\t\t\t<\/div>\n\t\t\t\t<div class=\"elementor-element elementor-element-f0208f7 elementor-widget elementor-widget-heading\" data-id=\"f0208f7\" data-element_type=\"widget\" data-widget_type=\"heading.default\">\n\t\t\t\t\t<h2 class=\"elementor-heading-title elementor-size-default\">Avenida Per\u00fa esq. Espa\u00f1a N\u00b0 505<br>Asunci\u00f3n | Paraguay<\/h2>\t\t\t\t<\/div>\n\t\t\t\t<\/div>\n\t\t\t\t<\/div>\n\t\t<div class=\"elementor-element elementor-element-34078a1 e-con-full e-flex e-con e-child\" data-id=\"34078a1\" data-element_type=\"container\">\n\t\t\t\t<div class=\"elementor-element elementor-element-2aa5095 elementor-widget elementor-widget-image\" data-id=\"2aa5095\" data-element_type=\"widget\" data-widget_type=\"image.default\">\n\t\t\t\t\t\t\t\t\t\t\t\t\t\t\t<img decoding=\"async\" width=\"1024\" height=\"750\" src=\"https:\/\/www.olmedo.com.py\/wp-content\/uploads\/2025\/12\/casa_foto-1-1024x750.jpg\" class=\"attachment-large size-large wp-image-1671\" alt=\"\" srcset=\"https:\/\/www.olmedo.com.py\/wp-content\/uploads\/2025\/12\/casa_foto-1-1024x750.jpg 1024w, https:\/\/www.olmedo.com.py\/wp-content\/uploads\/2025\/12\/casa_foto-1-300x220.jpg 300w, https:\/\/www.olmedo.com.py\/wp-content\/uploads\/2025\/12\/casa_foto-1-768x562.jpg 768w, https:\/\/www.olmedo.com.py\/wp-content\/uploads\/2025\/12\/casa_foto-1.jpg 1229w\" sizes=\"(max-width: 1024px) 100vw, 1024px\" \/>\t\t\t\t\t\t\t\t\t\t\t\t\t\t\t<\/div>\n\t\t\t\t<\/div>\n\t\t\t\t\t<\/div>\n\t\t\t\t<\/div>\n\t\t\t\t<\/div>\n\t\t<\/div><div class=\"jet-listing-grid__item jet-listing-dynamic-post-1717\" data-post-id=\"1717\"  >\t\t<div data-elementor-type=\"jet-listing-items\" data-elementor-id=\"1722\" class=\"elementor elementor-1722\">\n\t\t\t\t<div class=\"elementor-element elementor-element-f55175e e-flex e-con-boxed elementor-invisible e-con e-parent\" data-id=\"f55175e\" data-element_type=\"container\" data-settings=\"{&quot;animation&quot;:&quot;fadeIn&quot;}\">\n\t\t\t\t\t<div class=\"e-con-inner\">\n\t\t<div class=\"elementor-element elementor-element-8d354c9 e-con-full e-flex e-con e-child\" data-id=\"8d354c9\" data-element_type=\"container\">\n\t\t<div class=\"elementor-element elementor-element-04058d6 e-con-full e-flex elementor-invisible e-con e-child\" data-id=\"04058d6\" data-element_type=\"container\" data-settings=\"{&quot;background_background&quot;:&quot;classic&quot;,&quot;animation&quot;:&quot;fadeInRight&quot;}\">\n\t\t\t\t<div class=\"elementor-element elementor-element-10d3af0 elementor-widget elementor-widget-heading\" data-id=\"10d3af0\" data-element_type=\"widget\" data-widget_type=\"heading.default\">\n\t\t\t\t\t<h2 class=\"elementor-heading-title elementor-size-default\">Sede Encarnaci\u00f3n<\/h2>\t\t\t\t<\/div>\n\t\t\t\t<div class=\"elementor-element elementor-element-f0208f7 elementor-widget elementor-widget-heading\" data-id=\"f0208f7\" data-element_type=\"widget\" data-widget_type=\"heading.default\">\n\t\t\t\t\t<h2 class=\"elementor-heading-title elementor-size-default\">Jovenes por la Democracia N\u00b01741<br>Edificio Libra 2do Piso, Oficina N\u00b0 2F<br>Encarnaci\u00f3n | Paraguay<\/h2>\t\t\t\t<\/div>\n\t\t\t\t<\/div>\n\t\t\t\t<\/div>\n\t\t<div class=\"elementor-element elementor-element-34078a1 e-con-full e-flex e-con e-child\" data-id=\"34078a1\" data-element_type=\"container\">\n\t\t\t\t<div class=\"elementor-element elementor-element-2aa5095 elementor-widget elementor-widget-image\" data-id=\"2aa5095\" data-element_type=\"widget\" data-widget_type=\"image.default\">\n\t\t\t\t\t\t\t\t\t\t\t\t\t\t\t<img decoding=\"async\" width=\"1024\" height=\"741\" src=\"https:\/\/www.olmedo.com.py\/wp-content\/uploads\/2025\/12\/SEDE-Encarnacion2-1024x741.jpg\" class=\"attachment-large size-large wp-image-1898\" alt=\"\" srcset=\"https:\/\/www.olmedo.com.py\/wp-content\/uploads\/2025\/12\/SEDE-Encarnacion2-1024x741.jpg 1024w, https:\/\/www.olmedo.com.py\/wp-content\/uploads\/2025\/12\/SEDE-Encarnacion2-300x217.jpg 300w, https:\/\/www.olmedo.com.py\/wp-content\/uploads\/2025\/12\/SEDE-Encarnacion2-768x556.jpg 768w, https:\/\/www.olmedo.com.py\/wp-content\/uploads\/2025\/12\/SEDE-Encarnacion2-1536x1112.jpg 1536w, https:\/\/www.olmedo.com.py\/wp-content\/uploads\/2025\/12\/SEDE-Encarnacion2.jpg 1600w\" sizes=\"(max-width: 1024px) 100vw, 1024px\" \/>\t\t\t\t\t\t\t\t\t\t\t\t\t\t\t<\/div>\n\t\t\t\t<\/div>\n\t\t\t\t\t<\/div>\n\t\t\t\t<\/div>\n\t\t\t\t<\/div>\n\t\t<\/div><div class=\"jet-listing-grid__item jet-listing-dynamic-post-1716\" data-post-id=\"1716\"  >\t\t<div data-elementor-type=\"jet-listing-items\" data-elementor-id=\"1722\" class=\"elementor elementor-1722\">\n\t\t\t\t<div class=\"elementor-element elementor-element-f55175e e-flex e-con-boxed elementor-invisible e-con e-parent\" data-id=\"f55175e\" data-element_type=\"container\" data-settings=\"{&quot;animation&quot;:&quot;fadeIn&quot;}\">\n\t\t\t\t\t<div class=\"e-con-inner\">\n\t\t<div class=\"elementor-element elementor-element-8d354c9 e-con-full e-flex e-con e-child\" data-id=\"8d354c9\" data-element_type=\"container\">\n\t\t<div class=\"elementor-element elementor-element-04058d6 e-con-full e-flex elementor-invisible e-con e-child\" data-id=\"04058d6\" data-element_type=\"container\" data-settings=\"{&quot;background_background&quot;:&quot;classic&quot;,&quot;animation&quot;:&quot;fadeInRight&quot;}\">\n\t\t\t\t<div class=\"elementor-element elementor-element-10d3af0 elementor-widget elementor-widget-heading\" data-id=\"10d3af0\" data-element_type=\"widget\" data-widget_type=\"heading.default\">\n\t\t\t\t\t<h2 class=\"elementor-heading-title elementor-size-default\">Sede C. del Este<\/h2>\t\t\t\t<\/div>\n\t\t\t\t<div class=\"elementor-element elementor-element-f0208f7 elementor-widget elementor-widget-heading\" data-id=\"f0208f7\" data-element_type=\"widget\" data-widget_type=\"heading.default\">\n\t\t\t\t\t<h2 class=\"elementor-heading-title elementor-size-default\">Edificio DUNAS<br>Avda. Cnel. Jos\u00e9 J. S\u00e1nchez esquina Octavio Bosch<br>Barrio Pablo Rojas<br>Departamento 102 <br>Ciudad del Este | Paraguay<\/h2>\t\t\t\t<\/div>\n\t\t\t\t<\/div>\n\t\t\t\t<\/div>\n\t\t<div class=\"elementor-element elementor-element-34078a1 e-con-full e-flex e-con e-child\" data-id=\"34078a1\" data-element_type=\"container\">\n\t\t\t\t<div class=\"elementor-element elementor-element-2aa5095 elementor-widget elementor-widget-image\" data-id=\"2aa5095\" data-element_type=\"widget\" data-widget_type=\"image.default\">\n\t\t\t\t\t\t\t\t\t\t\t\t\t\t\t<img loading=\"lazy\" decoding=\"async\" width=\"1024\" height=\"741\" src=\"https:\/\/www.olmedo.com.py\/wp-content\/uploads\/2025\/12\/SEDE-Ciudad-del-Este-1024x741.jpg\" class=\"attachment-large size-large wp-image-1897\" alt=\"\" srcset=\"https:\/\/www.olmedo.com.py\/wp-content\/uploads\/2025\/12\/SEDE-Ciudad-del-Este-1024x741.jpg 1024w, https:\/\/www.olmedo.com.py\/wp-content\/uploads\/2025\/12\/SEDE-Ciudad-del-Este-300x217.jpg 300w, https:\/\/www.olmedo.com.py\/wp-content\/uploads\/2025\/12\/SEDE-Ciudad-del-Este-768x556.jpg 768w, https:\/\/www.olmedo.com.py\/wp-content\/uploads\/2025\/12\/SEDE-Ciudad-del-Este-1536x1112.jpg 1536w, https:\/\/www.olmedo.com.py\/wp-content\/uploads\/2025\/12\/SEDE-Ciudad-del-Este.jpg 1600w\" sizes=\"(max-width: 1024px) 100vw, 1024px\" \/>\t\t\t\t\t\t\t\t\t\t\t\t\t\t\t<\/div>\n\t\t\t\t<\/div>\n\t\t\t\t\t<\/div>\n\t\t\t\t<\/div>\n\t\t\t\t<\/div>\n\t\t<\/div><\/div><\/div><\/div>\t\t\t\t<\/div>\n\t\t\t\t<\/div>\n\t\t<div class=\"elementor-element elementor-element-c2d0673 e-con-full e-flex elementor-invisible e-con e-parent\" data-id=\"c2d0673\" data-element_type=\"container\" data-settings=\"{&quot;animation&quot;:&quot;fadeIn&quot;,&quot;background_background&quot;:&quot;classic&quot;}\">\n\t\t<div class=\"elementor-element elementor-element-3e63c05 e-con-full e-flex elementor-invisible e-con e-child\" data-id=\"3e63c05\" data-element_type=\"container\" data-settings=\"{&quot;animation&quot;:&quot;fadeIn&quot;}\">\n\t\t\t\t<div class=\"elementor-element elementor-element-1a2b79c elementor-widget__width-initial elementor-widget elementor-widget-heading\" data-id=\"1a2b79c\" data-element_type=\"widget\" data-settings=\"{&quot;_animation&quot;:&quot;none&quot;}\" data-widget_type=\"heading.default\">\n\t\t\t\t\t<h2 class=\"elementor-heading-title elementor-size-default\">Contacto<\/h2>\t\t\t\t<\/div>\n\t\t\t\t<div class=\"elementor-element elementor-element-a78acd0 elementor-widget__width-inherit elementor-widget elementor-widget-jet-engine-booking-form\" data-id=\"a78acd0\" data-element_type=\"widget\" data-widget_type=\"jet-engine-booking-form.default\">\n\t\t\t\t<div class=\"elementor-widget-container\">\n\t\t\t\t\t<form  class=\"jet-form layout-column submit-type-reload\" action=\"\/en\/wp-json\/wp\/v2\/pages\/841?jet_engine_action=book&#038;nocache=1777390111\" method=\"POST\" data-form-id=\"759\"><input class=\"jet-form__field hidden-field\" type=\"hidden\" name=\"_jet_engine_booking_form_id\" value=\"759\" data-field-name=\"_jet_engine_booking_form_id\"><input class=\"jet-form__field hidden-field\" type=\"hidden\" name=\"_jet_engine_refer\" value=\"https:\/\/www.olmedo.com.py\/en\/wp-json\/wp\/v2\/pages\/841\" data-field-name=\"_jet_engine_refer\"><div  class=\"jet-form-row jet-form-row--hidden\"><div class=\"jet-form-col jet-form-col-12  field-type-hidden  jet-form-field-container\" data-field=\"post_id\" data-conditional=\"false\"><input class=\"jet-form__field hidden-field\" type=\"hidden\" name=\"post_id\" value=\"841\" data-field-name=\"post_id\"><\/div><\/div><div  class=\"jet-form-row jet-form-row--first-visible\"><div class=\"jet-form-col jet-form-col-6  field-type-text  jet-form-field-container\" data-field=\"field_nombre\" data-conditional=\"false\"><input class=\"jet-form__field text-field \" placeholder=\"Nombre\" value=\"\" required=\"required\" name=\"field_nombre\" id=\"field_nombre\" type=\"text\" data-field-name=\"field_nombre\"><\/div><div class=\"jet-form-col jet-form-col-6  field-type-text  jet-form-field-container\" data-field=\"field_mail\" data-conditional=\"false\"><input class=\"jet-form__field text-field \" placeholder=\"Mail\" value=\"\" required=\"required\" name=\"field_mail\" id=\"field_mail\" type=\"email\" data-field-name=\"field_mail\"><\/div><\/div><div  class=\"jet-form-row\"><div class=\"jet-form-col jet-form-col-12  field-type-textarea  jet-form-field-container\" data-field=\"field_Mensaje\" data-conditional=\"false\"><textarea class=\"jet-form__field textarea-field\" placeholder=\"Mensaje\" required=\"required\" name=\"field_Mensaje\" data-field-name=\"field_Mensaje\" id=\"field_Mensaje\"><\/textarea><\/div><\/div><div  class=\"jet-form-row jet-form-row--submit\"><div class=\"jet-form-col jet-form-col-12  field-type-submit  jet-form-field-container\" data-field=\"Submit\" data-conditional=\"false\"><div class=\"jet-form__submit-wrap\">\n\t\t<button class=\"jet-form__submit submit-type-reload\" type=\"submit\">Enviar<\/button>\n<\/div><\/div><\/div><input class=\"jet-form__field hidden-field\" type=\"hidden\" name=\"_jet_engine_nonce\" value=\"4ab6acc957\" data-field-name=\"_jet_engine_nonce\"><\/form>\t\t\t\t<\/div>\n\t\t\t\t<\/div>\n\t\t\t\t<\/div>\n\t\t\t\t<\/div>\n\t\t\t\t<\/div>\n\t\t","protected":false},"excerpt":{"rendered":"<p>SOBRE El equipo de banca y mercados de capitales de Olmedo Abogados es ampliamente reconocido por su asesor\u00eda a bancos, instituciones financieras y empresas en Paraguay. Especializado en inversiones, acuerdos de cr\u00e9dito y reestructuraci\u00f3n de deuda, el equipo destaca tanto en asesor\u00eda corporativa como en litigios, posicion\u00e1ndose como una firma de referencia para abordar regulaciones [&hellip;]<\/p>\n","protected":false},"author":1,"featured_media":0,"parent":0,"menu_order":0,"comment_status":"closed","ping_status":"closed","template":"full-width.php","meta":{"_acf_changed":false,"footnotes":""},"class_list":["post-841","page","type-page","status-publish","hentry"],"acf":[],"_links":{"self":[{"href":"https:\/\/www.olmedo.com.py\/en\/wp-json\/wp\/v2\/pages\/841","targetHints":{"allow":["GET"]}}],"collection":[{"href":"https:\/\/www.olmedo.com.py\/en\/wp-json\/wp\/v2\/pages"}],"about":[{"href":"https:\/\/www.olmedo.com.py\/en\/wp-json\/wp\/v2\/types\/page"}],"author":[{"embeddable":true,"href":"https:\/\/www.olmedo.com.py\/en\/wp-json\/wp\/v2\/users\/1"}],"replies":[{"embeddable":true,"href":"https:\/\/www.olmedo.com.py\/en\/wp-json\/wp\/v2\/comments?post=841"}],"version-history":[{"count":141,"href":"https:\/\/www.olmedo.com.py\/en\/wp-json\/wp\/v2\/pages\/841\/revisions"}],"predecessor-version":[{"id":2142,"href":"https:\/\/www.olmedo.com.py\/en\/wp-json\/wp\/v2\/pages\/841\/revisions\/2142"}],"wp:attachment":[{"href":"https:\/\/www.olmedo.com.py\/en\/wp-json\/wp\/v2\/media?parent=841"}],"curies":[{"name":"wp","href":"https:\/\/api.w.org\/{rel}","templated":true}]}}