{"id":713,"date":"2025-08-05T14:18:26","date_gmt":"2025-08-05T12:18:26","guid":{"rendered":"https:\/\/www.olmedo.com.py\/?page_id=713"},"modified":"2026-02-20T21:58:27","modified_gmt":"2026-02-20T20:58:27","slug":"blog","status":"publish","type":"page","link":"https:\/\/www.olmedo.com.py\/en\/blog\/","title":{"rendered":"News"},"content":{"rendered":"\t\t<div data-elementor-type=\"wp-page\" data-elementor-id=\"713\" class=\"elementor elementor-713\">\n\t\t\t\t<div class=\"elementor-element elementor-element-0874fe9 e-con-full e-flex elementor-invisible e-con e-parent\" data-id=\"0874fe9\" data-element_type=\"container\" data-settings=\"{&quot;background_background&quot;:&quot;classic&quot;,&quot;animation&quot;:&quot;fadeIn&quot;}\">\n\t\t<div class=\"elementor-element elementor-element-ea23928 e-con-full e-flex e-con e-child\" data-id=\"ea23928\" data-element_type=\"container\" data-settings=\"{&quot;background_background&quot;:&quot;classic&quot;}\">\n\t\t\t\t<div class=\"elementor-element elementor-element-5221436 elementor-widget elementor-widget-heading\" data-id=\"5221436\" data-element_type=\"widget\" data-widget_type=\"heading.default\">\n\t\t\t\t\t<h2 class=\"elementor-heading-title elementor-size-default\">SOBRE<\/h2>\t\t\t\t<\/div>\n\t\t\t\t<div class=\"elementor-element elementor-element-eabdd4a elementor-widget__width-initial elementor-invisible elementor-widget elementor-widget-heading\" data-id=\"eabdd4a\" data-element_type=\"widget\" data-settings=\"{&quot;_animation&quot;:&quot;fadeInUp&quot;}\" data-widget_type=\"heading.default\">\n\t\t\t\t\t<h2 class=\"elementor-heading-title elementor-size-default\">Noticias<\/h2>\t\t\t\t<\/div>\n\t\t\t\t<\/div>\n\t\t<div class=\"elementor-element elementor-element-9c0a9a4 e-con-full e-flex e-con e-child\" data-id=\"9c0a9a4\" data-element_type=\"container\">\n\t\t\t\t<\/div>\n\t\t\t\t<\/div>\n\t\t<div class=\"elementor-element elementor-element-781945d e-con-full e-flex elementor-invisible e-con e-parent\" data-id=\"781945d\" data-element_type=\"container\" data-settings=\"{&quot;animation&quot;:&quot;fadeIn&quot;}\">\n\t\t\t\t<div class=\"elementor-element elementor-element-36335f0 elementor-widget elementor-widget-jet-listing-grid\" data-id=\"36335f0\" data-element_type=\"widget\" data-settings=\"{&quot;columns&quot;:&quot;1&quot;}\" data-widget_type=\"jet-listing-grid.default\">\n\t\t\t\t\t<div class=\"jet-listing-grid jet-listing\"><div class=\"jet-listing-grid__items grid-col-desk-1 grid-col-tablet-1 grid-col-mobile-1 jet-listing-grid--730\" data-queried-id=\"713|WP_Post\" data-nav=\"{&quot;enabled&quot;:false,&quot;type&quot;:null,&quot;more_el&quot;:null,&quot;query&quot;:[],&quot;widget_settings&quot;:{&quot;lisitng_id&quot;:730,&quot;posts_num&quot;:1,&quot;columns&quot;:1,&quot;columns_tablet&quot;:1,&quot;columns_mobile&quot;:1,&quot;column_min_width&quot;:240,&quot;column_min_width_tablet&quot;:240,&quot;column_min_width_mobile&quot;:240,&quot;inline_columns_css&quot;:false,&quot;is_archive_template&quot;:&quot;&quot;,&quot;post_status&quot;:[&quot;publish&quot;],&quot;use_random_posts_num&quot;:&quot;&quot;,&quot;max_posts_num&quot;:9,&quot;not_found_message&quot;:&quot;No data was found&quot;,&quot;is_masonry&quot;:false,&quot;equal_columns_height&quot;:&quot;&quot;,&quot;use_load_more&quot;:&quot;&quot;,&quot;load_more_id&quot;:&quot;&quot;,&quot;load_more_type&quot;:&quot;click&quot;,&quot;load_more_offset&quot;:{&quot;unit&quot;:&quot;px&quot;,&quot;size&quot;:0,&quot;sizes&quot;:[]},&quot;use_custom_post_types&quot;:&quot;&quot;,&quot;custom_post_types&quot;:[],&quot;hide_widget_if&quot;:&quot;&quot;,&quot;carousel_enabled&quot;:&quot;&quot;,&quot;slides_to_scroll&quot;:&quot;1&quot;,&quot;arrows&quot;:&quot;true&quot;,&quot;arrow_icon&quot;:&quot;fa fa-angle-left&quot;,&quot;dots&quot;:&quot;&quot;,&quot;autoplay&quot;:&quot;true&quot;,&quot;pause_on_hover&quot;:&quot;true&quot;,&quot;autoplay_speed&quot;:5000,&quot;infinite&quot;:&quot;true&quot;,&quot;center_mode&quot;:&quot;&quot;,&quot;effect&quot;:&quot;slide&quot;,&quot;speed&quot;:500,&quot;inject_alternative_items&quot;:&quot;&quot;,&quot;injection_items&quot;:[],&quot;scroll_slider_enabled&quot;:&quot;&quot;,&quot;scroll_slider_on&quot;:[&quot;desktop&quot;,&quot;tablet&quot;,&quot;mobile&quot;],&quot;custom_query&quot;:false,&quot;custom_query_id&quot;:&quot;&quot;,&quot;_element_id&quot;:&quot;&quot;,&quot;collapse_first_last_gap&quot;:false,&quot;list_tag_selection&quot;:&quot;&quot;,&quot;list_items_wrapper_tag&quot;:&quot;div&quot;,&quot;list_item_tag&quot;:&quot;div&quot;,&quot;empty_items_wrapper_tag&quot;:&quot;div&quot;}}\" data-page=\"1\" data-pages=\"3\" data-listing-source=\"posts\" data-listing-id=\"730\" data-query-id=\"\"><div class=\"jet-listing-grid__item jet-listing-dynamic-post-2012\" data-post-id=\"2012\"  ><div class=\"jet-engine-listing-overlay-wrap\" data-url=\"https:\/\/www.olmedo.com.py\/en\/promulgacion-de-la-ley-de-proteccion-de-datos-personales-en-la-republica-del-paraguay\/\">\t\t<div data-elementor-type=\"jet-listing-items\" data-elementor-id=\"730\" class=\"elementor elementor-730\">\n\t\t\t\t<div class=\"elementor-element elementor-element-d432fc7 e-con-full e-flex e-con e-parent\" data-id=\"d432fc7\" data-element_type=\"container\">\n\t\t<div class=\"elementor-element elementor-element-4e127f5 e-con-full e-flex e-con e-child\" data-id=\"4e127f5\" data-element_type=\"container\">\n\t\t\t\t<div class=\"elementor-element elementor-element-51326cd elementor-widget elementor-widget-image\" data-id=\"51326cd\" data-element_type=\"widget\" data-widget_type=\"image.default\">\n\t\t\t\t\t\t\t\t\t\t\t\t\t\t\t<img decoding=\"async\" src=\"https:\/\/www.olmedo.com.py\/wp-content\/uploads\/elementor\/thumbs\/huella_dactilar-rkgaky0vym34scmtgn61r0l7e66t2d7hu8a4s0elrg.jpg\" title=\"huella_dactilar\" alt=\"huella_dactilar\" loading=\"lazy\" \/>\t\t\t\t\t\t\t\t\t\t\t\t\t\t\t<\/div>\n\t\t\t\t<\/div>\n\t\t<div class=\"elementor-element elementor-element-143d91c e-con-full e-flex e-con e-child\" data-id=\"143d91c\" data-element_type=\"container\">\n\t\t\t\t<div class=\"elementor-element elementor-element-e0b3c75 elementor-widget elementor-widget-heading\" data-id=\"e0b3c75\" data-element_type=\"widget\" data-widget_type=\"heading.default\">\n\t\t\t\t\t<h2 class=\"elementor-heading-title elementor-size-default\">April 28, 2026<\/h2>\t\t\t\t<\/div>\n\t\t\t\t<div class=\"elementor-element elementor-element-b851b6f elementor-widget elementor-widget-heading\" data-id=\"b851b6f\" data-element_type=\"widget\" data-widget_type=\"heading.default\">\n\t\t\t\t\t<h2 class=\"elementor-heading-title elementor-size-default\">Promulgaci\u00f3n de la Ley de Protecci\u00f3n de Datos Personales en la Rep\u00fablica del Paraguay<\/h2>\t\t\t\t<\/div>\n\t\t\t\t<div class=\"elementor-element elementor-element-e04852c elementor-widget elementor-widget-jet-listing-dynamic-field\" data-id=\"e04852c\" data-element_type=\"widget\" data-widget_type=\"jet-listing-dynamic-field.default\">\n\t\t\t\t\t<div class=\"jet-listing jet-listing-dynamic-field display-inline\"><div class=\"jet-listing-dynamic-field__inline-wrap\"><div class=\"jet-listing-dynamic-field__content\" >El 27 de noviembre de 2025 en la Rep\u00fablica del Paraguay fue promulgada la&nbsp;Ley 7593\/2025&nbsp;de Protecci\u00f3n de Datos Personales la cual, si bien NO se encuentra en...<\/div><\/div><\/div>\t\t\t\t<\/div>\n\t\t\t\t<div class=\"elementor-element elementor-element-fd879a9 elementor-align-center elementor-widget elementor-widget-button\" data-id=\"fd879a9\" data-element_type=\"widget\" data-widget_type=\"button.default\">\n\t\t\t\t\t\t\t\t\t\t<a class=\"elementor-button elementor-button-link elementor-size-sm\" href=\"#\">\n\t\t\t\t\t\t<span class=\"elementor-button-content-wrapper\">\n\t\t\t\t\t\t\t\t\t<span class=\"elementor-button-text\">- LEER -<\/span>\n\t\t\t\t\t<\/span>\n\t\t\t\t\t<\/a>\n\t\t\t\t\t\t\t\t<\/div>\n\t\t\t\t<\/div>\n\t\t\t\t<\/div>\n\t\t\t\t<\/div>\n\t\t<a href=\"https:\/\/www.olmedo.com.py\/en\/promulgacion-de-la-ley-de-proteccion-de-datos-personales-en-la-republica-del-paraguay\/\" class=\"jet-engine-listing-overlay-link\"><\/a><\/div><\/div><\/div><\/div>\t\t\t\t<\/div>\n\t\t\t\t<div class=\"elementor-element elementor-element-7b95f4a elementor-widget elementor-widget-jet-listing-grid\" data-id=\"7b95f4a\" data-element_type=\"widget\" data-settings=\"{&quot;columns&quot;:&quot;3&quot;,&quot;columns_mobile&quot;:&quot;1&quot;}\" data-widget_type=\"jet-listing-grid.default\">\n\t\t\t\t\t<div class=\"jet-listing-grid jet-listing\"><div class=\"jet-listing-grid__items grid-col-desk-3 grid-col-tablet-3 grid-col-mobile-1 jet-listing-grid--185\" data-queried-id=\"713|WP_Post\" data-nav=\"{&quot;enabled&quot;:false,&quot;type&quot;:null,&quot;more_el&quot;:null,&quot;query&quot;:[],&quot;widget_settings&quot;:{&quot;lisitng_id&quot;:185,&quot;posts_num&quot;:20,&quot;columns&quot;:3,&quot;columns_tablet&quot;:3,&quot;columns_mobile&quot;:1,&quot;column_min_width&quot;:240,&quot;column_min_width_tablet&quot;:240,&quot;column_min_width_mobile&quot;:240,&quot;inline_columns_css&quot;:false,&quot;is_archive_template&quot;:&quot;&quot;,&quot;post_status&quot;:[&quot;publish&quot;],&quot;use_random_posts_num&quot;:&quot;&quot;,&quot;max_posts_num&quot;:9,&quot;not_found_message&quot;:&quot;No data was found&quot;,&quot;is_masonry&quot;:false,&quot;equal_columns_height&quot;:&quot;&quot;,&quot;use_load_more&quot;:&quot;&quot;,&quot;load_more_id&quot;:&quot;&quot;,&quot;load_more_type&quot;:&quot;click&quot;,&quot;load_more_offset&quot;:{&quot;unit&quot;:&quot;px&quot;,&quot;size&quot;:0,&quot;sizes&quot;:[]},&quot;use_custom_post_types&quot;:&quot;&quot;,&quot;custom_post_types&quot;:[],&quot;hide_widget_if&quot;:&quot;&quot;,&quot;carousel_enabled&quot;:&quot;&quot;,&quot;slides_to_scroll&quot;:&quot;1&quot;,&quot;arrows&quot;:&quot;true&quot;,&quot;arrow_icon&quot;:&quot;fa fa-angle-left&quot;,&quot;dots&quot;:&quot;&quot;,&quot;autoplay&quot;:&quot;true&quot;,&quot;pause_on_hover&quot;:&quot;true&quot;,&quot;autoplay_speed&quot;:5000,&quot;infinite&quot;:&quot;true&quot;,&quot;center_mode&quot;:&quot;&quot;,&quot;effect&quot;:&quot;slide&quot;,&quot;speed&quot;:500,&quot;inject_alternative_items&quot;:&quot;&quot;,&quot;injection_items&quot;:[],&quot;scroll_slider_enabled&quot;:&quot;&quot;,&quot;scroll_slider_on&quot;:[&quot;desktop&quot;,&quot;tablet&quot;,&quot;mobile&quot;],&quot;custom_query&quot;:false,&quot;custom_query_id&quot;:&quot;&quot;,&quot;_element_id&quot;:&quot;&quot;,&quot;collapse_first_last_gap&quot;:false,&quot;list_tag_selection&quot;:&quot;&quot;,&quot;list_items_wrapper_tag&quot;:&quot;div&quot;,&quot;list_item_tag&quot;:&quot;div&quot;,&quot;empty_items_wrapper_tag&quot;:&quot;div&quot;}}\" data-page=\"1\" data-pages=\"1\" data-listing-source=\"posts\" data-listing-id=\"185\" data-query-id=\"\"><div class=\"jet-listing-grid__item jet-listing-dynamic-post-2012\" data-post-id=\"2012\"  ><div class=\"jet-engine-listing-overlay-wrap\" data-url=\"https:\/\/www.olmedo.com.py\/en\/promulgacion-de-la-ley-de-proteccion-de-datos-personales-en-la-republica-del-paraguay\/\">\t\t<div data-elementor-type=\"jet-listing-items\" data-elementor-id=\"185\" class=\"elementor elementor-185\">\n\t\t\t\t<div class=\"elementor-element elementor-element-f9056b5 e-con-full e-flex e-con e-parent\" data-id=\"f9056b5\" data-element_type=\"container\">\n\t\t<div class=\"elementor-element elementor-element-8e6c500 e-con-full e-flex e-con e-child\" data-id=\"8e6c500\" data-element_type=\"container\">\n\t\t\t\t<div class=\"elementor-element elementor-element-51326cd elementor-widget elementor-widget-image\" data-id=\"51326cd\" data-element_type=\"widget\" data-widget_type=\"image.default\">\n\t\t\t\t\t\t\t\t\t\t\t\t\t\t\t<img decoding=\"async\" src=\"https:\/\/www.olmedo.com.py\/wp-content\/uploads\/elementor\/thumbs\/huella_dactilar-rkgaky0vym3f0naymoia0ki7l3ewpb734z11sho3a8.jpg\" title=\"huella_dactilar\" alt=\"huella_dactilar\" loading=\"lazy\" \/>\t\t\t\t\t\t\t\t\t\t\t\t\t\t\t<\/div>\n\t\t\t\t<div class=\"elementor-element elementor-element-e3d4c12 elementor-widget elementor-widget-heading\" data-id=\"e3d4c12\" data-element_type=\"widget\" data-widget_type=\"heading.default\">\n\t\t\t\t\t<h2 class=\"elementor-heading-title elementor-size-default\">Promulgaci\u00f3n de la Ley de Protecci\u00f3n de Datos Personales en la Rep\u00fablica del Paraguay<\/h2>\t\t\t\t<\/div>\n\t\t\t\t<div class=\"elementor-element elementor-element-e04852c elementor-widget elementor-widget-jet-listing-dynamic-field\" data-id=\"e04852c\" data-element_type=\"widget\" data-widget_type=\"jet-listing-dynamic-field.default\">\n\t\t\t\t\t<div class=\"jet-listing jet-listing-dynamic-field display-inline\"><div class=\"jet-listing-dynamic-field__inline-wrap\"><div class=\"jet-listing-dynamic-field__content\" >El 27 de noviembre de 2025 en la Rep\u00fablica del Paraguay fue promulgada la&nbsp;Ley 7593\/2025&nbsp;de Protecci\u00f3n de Datos Personales la cual, si bien NO se encuentra en...<\/div><\/div><\/div>\t\t\t\t<\/div>\n\t\t\t\t<div class=\"elementor-element elementor-element-ac9872b elementor-align-center elementor-widget elementor-widget-button\" data-id=\"ac9872b\" data-element_type=\"widget\" data-widget_type=\"button.default\">\n\t\t\t\t\t\t\t\t\t\t<a class=\"elementor-button elementor-button-link elementor-size-sm\" href=\"https:\/\/www.olmedo.com.py\/en\/promulgacion-de-la-ley-de-proteccion-de-datos-personales-en-la-republica-del-paraguay\/\">\n\t\t\t\t\t\t<span class=\"elementor-button-content-wrapper\">\n\t\t\t\t\t\t\t\t\t<span class=\"elementor-button-text\">- LEER -<\/span>\n\t\t\t\t\t<\/span>\n\t\t\t\t\t<\/a>\n\t\t\t\t\t\t\t\t<\/div>\n\t\t\t\t<\/div>\n\t\t\t\t<\/div>\n\t\t\t\t<\/div>\n\t\t<a href=\"https:\/\/www.olmedo.com.py\/en\/promulgacion-de-la-ley-de-proteccion-de-datos-personales-en-la-republica-del-paraguay\/\" class=\"jet-engine-listing-overlay-link\"><\/a><\/div><\/div><div class=\"jet-listing-grid__item jet-listing-dynamic-post-2007\" data-post-id=\"2007\"  ><div class=\"jet-engine-listing-overlay-wrap\" data-url=\"https:\/\/www.olmedo.com.py\/en\/notificaciones-masivas-de-la-dnit-garantias-constitucionales-frente-a-la-automatizacion-tributaria\/\">\t\t<div data-elementor-type=\"jet-listing-items\" data-elementor-id=\"185\" class=\"elementor elementor-185\">\n\t\t\t\t<div class=\"elementor-element elementor-element-f9056b5 e-con-full e-flex e-con e-parent\" data-id=\"f9056b5\" data-element_type=\"container\">\n\t\t<div class=\"elementor-element elementor-element-8e6c500 e-con-full e-flex e-con e-child\" data-id=\"8e6c500\" data-element_type=\"container\">\n\t\t\t\t<div class=\"elementor-element elementor-element-51326cd elementor-widget elementor-widget-image\" data-id=\"51326cd\" data-element_type=\"widget\" data-widget_type=\"image.default\">\n\t\t\t\t\t\t\t\t\t\t\t\t\t\t\t<img decoding=\"async\" src=\"https:\/\/www.olmedo.com.py\/wp-content\/uploads\/elementor\/thumbs\/skyscrapers-in-new-08-utc-rkgaky0vym3f0naymoia0ki7l3ewpb734z11sho3a8.jpg\" title=\"skyscrapers-in-new&#8211;08-utc\" alt=\"skyscrapers-in-new--08-utc\" loading=\"lazy\" \/>\t\t\t\t\t\t\t\t\t\t\t\t\t\t\t<\/div>\n\t\t\t\t<div class=\"elementor-element elementor-element-e3d4c12 elementor-widget elementor-widget-heading\" data-id=\"e3d4c12\" data-element_type=\"widget\" data-widget_type=\"heading.default\">\n\t\t\t\t\t<h2 class=\"elementor-heading-title elementor-size-default\">Notificaciones Masivas de la DNIT: Garant\u00edas Constitucionales Frente a la Automatizaci\u00f3n Tributaria<\/h2>\t\t\t\t<\/div>\n\t\t\t\t<div class=\"elementor-element elementor-element-e04852c elementor-widget elementor-widget-jet-listing-dynamic-field\" data-id=\"e04852c\" data-element_type=\"widget\" data-widget_type=\"jet-listing-dynamic-field.default\">\n\t\t\t\t\t<div class=\"jet-listing jet-listing-dynamic-field display-inline\"><div class=\"jet-listing-dynamic-field__inline-wrap\"><div class=\"jet-listing-dynamic-field__content\" >I. Miles de Notificaciones; Una Pregunta Central La Direcci\u00f3n Nacional de Ingresos Tributarios (DNIT) ha informado que realizar\u00e1 notificaciones a miles de contribuyentes sobre \u00abinconsistencias\u00bb detectadas en...<\/div><\/div><\/div>\t\t\t\t<\/div>\n\t\t\t\t<div class=\"elementor-element elementor-element-ac9872b elementor-align-center elementor-widget elementor-widget-button\" data-id=\"ac9872b\" data-element_type=\"widget\" data-widget_type=\"button.default\">\n\t\t\t\t\t\t\t\t\t\t<a class=\"elementor-button elementor-button-link elementor-size-sm\" href=\"https:\/\/www.olmedo.com.py\/en\/notificaciones-masivas-de-la-dnit-garantias-constitucionales-frente-a-la-automatizacion-tributaria\/\">\n\t\t\t\t\t\t<span class=\"elementor-button-content-wrapper\">\n\t\t\t\t\t\t\t\t\t<span class=\"elementor-button-text\">- LEER -<\/span>\n\t\t\t\t\t<\/span>\n\t\t\t\t\t<\/a>\n\t\t\t\t\t\t\t\t<\/div>\n\t\t\t\t<\/div>\n\t\t\t\t<\/div>\n\t\t\t\t<\/div>\n\t\t<a href=\"https:\/\/www.olmedo.com.py\/en\/notificaciones-masivas-de-la-dnit-garantias-constitucionales-frente-a-la-automatizacion-tributaria\/\" class=\"jet-engine-listing-overlay-link\"><\/a><\/div><\/div><div class=\"jet-listing-grid__item jet-listing-dynamic-post-687\" data-post-id=\"687\"  ><div class=\"jet-engine-listing-overlay-wrap\" data-url=\"https:\/\/www.olmedo.com.py\/en\/olmedo-abogados-presente-en-la-conferencia-iba2026-de-la-international-bar-association\/\">\t\t<div data-elementor-type=\"jet-listing-items\" data-elementor-id=\"185\" class=\"elementor elementor-185\">\n\t\t\t\t<div class=\"elementor-element elementor-element-f9056b5 e-con-full e-flex e-con e-parent\" data-id=\"f9056b5\" data-element_type=\"container\">\n\t\t<div class=\"elementor-element elementor-element-8e6c500 e-con-full e-flex e-con e-child\" data-id=\"8e6c500\" data-element_type=\"container\">\n\t\t\t\t<div class=\"elementor-element elementor-element-51326cd elementor-widget elementor-widget-image\" data-id=\"51326cd\" data-element_type=\"widget\" data-widget_type=\"image.default\">\n\t\t\t\t\t\t\t\t\t\t\t\t\t\t\t<img decoding=\"async\" src=\"https:\/\/www.olmedo.com.py\/wp-content\/uploads\/elementor\/thumbs\/IBA-2026-scaled-rkgaky0vym3f0naymoia0ki7l3ewpb734z11sho3a8.jpeg\" title=\"IBA 2026\" alt=\"IBA 2026\" loading=\"lazy\" \/>\t\t\t\t\t\t\t\t\t\t\t\t\t\t\t<\/div>\n\t\t\t\t<div class=\"elementor-element elementor-element-e3d4c12 elementor-widget elementor-widget-heading\" data-id=\"e3d4c12\" data-element_type=\"widget\" data-widget_type=\"heading.default\">\n\t\t\t\t\t<h2 class=\"elementor-heading-title elementor-size-default\">Evento: Olmedo Abogados presente en la Conferencia #IBA2026 de la International Bar Association.<\/h2>\t\t\t\t<\/div>\n\t\t\t\t<div class=\"elementor-element elementor-element-e04852c elementor-widget elementor-widget-jet-listing-dynamic-field\" data-id=\"e04852c\" data-element_type=\"widget\" data-widget_type=\"jet-listing-dynamic-field.default\">\n\t\t\t\t\t<div class=\"jet-listing jet-listing-dynamic-field display-inline\"><div class=\"jet-listing-dynamic-field__inline-wrap\"><div class=\"jet-listing-dynamic-field__content\" >Nuestra socia Alejandra Olmedo y nuestra asociada Carolina Lebr\u00f3n participar\u00e1n del IBA M&amp;A Latin America Conference 2026, uno de los encuentros internacionales m\u00e1s relevantes en materia de...<\/div><\/div><\/div>\t\t\t\t<\/div>\n\t\t\t\t<div class=\"elementor-element elementor-element-ac9872b elementor-align-center elementor-widget elementor-widget-button\" data-id=\"ac9872b\" data-element_type=\"widget\" data-widget_type=\"button.default\">\n\t\t\t\t\t\t\t\t\t\t<a class=\"elementor-button elementor-button-link elementor-size-sm\" href=\"https:\/\/www.olmedo.com.py\/en\/olmedo-abogados-presente-en-la-conferencia-iba2026-de-la-international-bar-association\/\">\n\t\t\t\t\t\t<span class=\"elementor-button-content-wrapper\">\n\t\t\t\t\t\t\t\t\t<span class=\"elementor-button-text\">- LEER -<\/span>\n\t\t\t\t\t<\/span>\n\t\t\t\t\t<\/a>\n\t\t\t\t\t\t\t\t<\/div>\n\t\t\t\t<\/div>\n\t\t\t\t<\/div>\n\t\t\t\t<\/div>\n\t\t<a href=\"https:\/\/www.olmedo.com.py\/en\/olmedo-abogados-presente-en-la-conferencia-iba2026-de-la-international-bar-association\/\" class=\"jet-engine-listing-overlay-link\"><\/a><\/div><\/div><\/div><\/div>\t\t\t\t<\/div>\n\t\t\t\t<\/div>\n\t\t<div class=\"elementor-element elementor-element-333fbb0 e-con-full e-flex elementor-invisible e-con e-parent\" data-id=\"333fbb0\" data-element_type=\"container\" data-settings=\"{&quot;animation&quot;:&quot;fadeIn&quot;,&quot;background_background&quot;:&quot;classic&quot;}\">\n\t\t<div class=\"elementor-element elementor-element-e508696 e-con-full e-flex elementor-invisible e-con e-child\" data-id=\"e508696\" data-element_type=\"container\" data-settings=\"{&quot;animation&quot;:&quot;fadeIn&quot;}\">\n\t\t\t\t<div class=\"elementor-element elementor-element-29e353f elementor-widget__width-initial elementor-widget elementor-widget-heading\" data-id=\"29e353f\" data-element_type=\"widget\" data-settings=\"{&quot;_animation&quot;:&quot;none&quot;}\" data-widget_type=\"heading.default\">\n\t\t\t\t\t<h2 class=\"elementor-heading-title elementor-size-default\">Newsletter\u200b<\/h2>\t\t\t\t<\/div>\n\t\t\t\t<div class=\"elementor-element elementor-element-30a751e elementor-widget__width-inherit elementor-widget elementor-widget-jet-engine-booking-form\" data-id=\"30a751e\" data-element_type=\"widget\" data-widget_type=\"jet-engine-booking-form.default\">\n\t\t\t\t<div class=\"elementor-widget-container\">\n\t\t\t\t\t<form  class=\"jet-form layout-column submit-type-reload\" action=\"\/en\/wp-json\/wp\/v2\/pages\/713?jet_engine_action=book&#038;nocache=1777390200\" method=\"POST\" data-form-id=\"819\"><input class=\"jet-form__field hidden-field\" type=\"hidden\" name=\"_jet_engine_booking_form_id\" value=\"819\" data-field-name=\"_jet_engine_booking_form_id\"><input class=\"jet-form__field hidden-field\" type=\"hidden\" name=\"_jet_engine_refer\" value=\"https:\/\/www.olmedo.com.py\/en\/wp-json\/wp\/v2\/pages\/713\" data-field-name=\"_jet_engine_refer\"><div  class=\"jet-form-row jet-form-row--hidden\"><div class=\"jet-form-col jet-form-col-12  field-type-hidden  jet-form-field-container\" data-field=\"post_id\" data-conditional=\"false\"><input class=\"jet-form__field hidden-field\" type=\"hidden\" name=\"post_id\" value=\"713\" data-field-name=\"post_id\"><\/div><\/div><div  class=\"jet-form-row jet-form-row--first-visible\"><div class=\"jet-form-col jet-form-col-6  field-type-text  jet-form-field-container\" data-field=\"field_nombre\" data-conditional=\"false\"><input class=\"jet-form__field text-field \" placeholder=\"Nombre\" value=\"\" required=\"required\" name=\"field_nombre\" id=\"field_nombre\" type=\"text\" data-field-name=\"field_nombre\"><\/div><div class=\"jet-form-col jet-form-col-6  field-type-text  jet-form-field-container\" data-field=\"field_mail\" data-conditional=\"false\"><input class=\"jet-form__field text-field \" placeholder=\"Mail\" value=\"\" required=\"required\" name=\"field_mail\" id=\"field_mail\" type=\"email\" data-field-name=\"field_mail\"><\/div><\/div><div  class=\"jet-form-row jet-form-row--submit\"><div class=\"jet-form-col jet-form-col-12  field-type-submit  jet-form-field-container\" data-field=\"Submit\" data-conditional=\"false\"><div class=\"jet-form__submit-wrap\">\n\t\t<button class=\"jet-form__submit submit-type-reload\" type=\"submit\">Enviar<\/button>\n<\/div><\/div><\/div><input class=\"jet-form__field hidden-field\" type=\"hidden\" name=\"_jet_engine_nonce\" value=\"4ab6acc957\" data-field-name=\"_jet_engine_nonce\"><\/form>\t\t\t\t<\/div>\n\t\t\t\t<\/div>\n\t\t\t\t<\/div>\n\t\t\t\t<\/div>\n\t\t\t\t<\/div>\n\t\t","protected":false},"excerpt":{"rendered":"<p>SOBRE Interdum et malesuada fames ac ante ipsum primis in faucibus. Phasellus iaculis suscipit tortor vel aliquam. Aliquam commodo, metus sit amet vehicula elementum, tortor ligula scelerisque dui,&#8230; &#8211; LEER &#8211; Interdum et malesuada fames ac ante ipsum primis in faucibus. Phasellus iaculis suscipit tortor vel aliquam. Aliquam commodo, metus sit amet vehicula elementum, tortor [&hellip;]<\/p>\n","protected":false},"author":1,"featured_media":0,"parent":0,"menu_order":0,"comment_status":"closed","ping_status":"closed","template":"full-width.php","meta":{"_acf_changed":false,"footnotes":""},"class_list":["post-713","page","type-page","status-publish","hentry"],"acf":[],"_links":{"self":[{"href":"https:\/\/www.olmedo.com.py\/en\/wp-json\/wp\/v2\/pages\/713","targetHints":{"allow":["GET"]}}],"collection":[{"href":"https:\/\/www.olmedo.com.py\/en\/wp-json\/wp\/v2\/pages"}],"about":[{"href":"https:\/\/www.olmedo.com.py\/en\/wp-json\/wp\/v2\/types\/page"}],"author":[{"embeddable":true,"href":"https:\/\/www.olmedo.com.py\/en\/wp-json\/wp\/v2\/users\/1"}],"replies":[{"embeddable":true,"href":"https:\/\/www.olmedo.com.py\/en\/wp-json\/wp\/v2\/comments?post=713"}],"version-history":[{"count":59,"href":"https:\/\/www.olmedo.com.py\/en\/wp-json\/wp\/v2\/pages\/713\/revisions"}],"predecessor-version":[{"id":1962,"href":"https:\/\/www.olmedo.com.py\/en\/wp-json\/wp\/v2\/pages\/713\/revisions\/1962"}],"wp:attachment":[{"href":"https:\/\/www.olmedo.com.py\/en\/wp-json\/wp\/v2\/media?parent=713"}],"curies":[{"name":"wp","href":"https:\/\/api.w.org\/{rel}","templated":true}]}}