{"id":2144,"date":"2026-04-29T15:18:21","date_gmt":"2026-04-29T13:18:21","guid":{"rendered":"https:\/\/www.olmedo.com.py\/?page_id=2144"},"modified":"2026-04-29T18:07:24","modified_gmt":"2026-04-29T16:07:24","slug":"trabaja-con-nosotros","status":"publish","type":"page","link":"https:\/\/www.olmedo.com.py\/en\/trabaja-con-nosotros\/","title":{"rendered":"Trabaja con nosotros"},"content":{"rendered":"<div data-elementor-type=\"wp-page\" data-elementor-id=\"2144\" class=\"elementor elementor-2144\">\n\t\t\t\t<div class=\"elementor-element elementor-element-c88da20 e-con-full e-flex elementor-invisible e-con e-parent\" data-id=\"c88da20\" data-element_type=\"container\" data-settings=\"{&quot;background_background&quot;:&quot;classic&quot;,&quot;animation&quot;:&quot;fadeIn&quot;}\">\n\t\t<div class=\"elementor-element elementor-element-783fe66 e-con-full e-flex e-con e-child\" data-id=\"783fe66\" data-element_type=\"container\" data-settings=\"{&quot;background_background&quot;:&quot;classic&quot;}\">\n\t\t\t\t<div class=\"elementor-element elementor-element-7c4025a elementor-widget__width-initial elementor-invisible elementor-widget elementor-widget-heading\" data-id=\"7c4025a\" data-element_type=\"widget\" data-settings=\"{&quot;_animation&quot;:&quot;fadeInUp&quot;}\" data-widget_type=\"heading.default\">\n\t\t\t\t\t<h2 class=\"elementor-heading-title elementor-size-default\">Trabaja con nosotros<\/h2>\t\t\t\t<\/div>\n\t\t\t\t<\/div>\n\t\t\t\t<\/div>\n\t\t<div class=\"elementor-element elementor-element-762b7be e-con-full e-flex e-con e-parent\" data-id=\"762b7be\" data-element_type=\"container\" data-settings=\"{&quot;background_background&quot;:&quot;classic&quot;}\">\n\t\t<div class=\"elementor-element elementor-element-8d01881 e-con-full e-flex e-con e-child\" data-id=\"8d01881\" data-element_type=\"container\" data-settings=\"{&quot;background_background&quot;:&quot;classic&quot;}\">\n\t\t\t\t<div class=\"elementor-element elementor-element-3c9c4ec elementor-widget-tablet__width-inherit elementor-invisible elementor-widget elementor-widget-image\" data-id=\"3c9c4ec\" data-element_type=\"widget\" data-settings=\"{&quot;_animation&quot;:&quot;fadeIn&quot;}\" data-widget_type=\"image.default\">\n\t\t\t\t\t\t\t\t\t\t\t\t\t\t\t<img fetchpriority=\"high\" decoding=\"async\" width=\"2500\" height=\"1066\" src=\"https:\/\/www.olmedo.com.py\/wp-content\/uploads\/2025\/07\/shutterstock_725898637.jpg\" class=\"attachment-full size-full wp-image-188\" alt=\"\" srcset=\"https:\/\/www.olmedo.com.py\/wp-content\/uploads\/2025\/07\/shutterstock_725898637.jpg 2500w, https:\/\/www.olmedo.com.py\/wp-content\/uploads\/2025\/07\/shutterstock_725898637-300x128.jpg 300w, https:\/\/www.olmedo.com.py\/wp-content\/uploads\/2025\/07\/shutterstock_725898637-1024x437.jpg 1024w, https:\/\/www.olmedo.com.py\/wp-content\/uploads\/2025\/07\/shutterstock_725898637-768x327.jpg 768w, https:\/\/www.olmedo.com.py\/wp-content\/uploads\/2025\/07\/shutterstock_725898637-1536x655.jpg 1536w, https:\/\/www.olmedo.com.py\/wp-content\/uploads\/2025\/07\/shutterstock_725898637-2048x873.jpg 2048w\" sizes=\"(max-width: 2500px) 100vw, 2500px\" \/>\t\t\t\t\t\t\t\t\t\t\t\t\t\t\t<\/div>\n\t\t\t\t<\/div>\n\t\t<div class=\"elementor-element elementor-element-8247723 e-con-full e-flex e-con e-child\" data-id=\"8247723\" data-element_type=\"container\">\n\t\t\t\t<div class=\"elementor-element elementor-element-acbf680 elementor-widget elementor-widget-text-editor\" data-id=\"acbf680\" data-element_type=\"widget\" data-widget_type=\"text-editor.default\">\n\t\t\t\t\t\t\t\t\t<p>En Olmedo Abogados creemos que el talento es el motor que impulsa nuestra historia y proyecta nuestro futuro.<\/p><p>Con m\u00e1s de cinco d\u00e9cadas de trayectoria, hemos construido una firma s\u00f3lida, combinando experiencia, innovaci\u00f3n y una visi\u00f3n actual del entorno legal en Paraguay. Hoy, apostamos por nuevas generaciones para seguir creciendo.<\/p><p>Buscamos talento alineado a nuestro enfoque: una pr\u00e1ctica legal \u00e1gil, rigurosa y profundamente humana, donde cada caso genera impacto real y el trabajo es colaborativo y multidisciplinario.<\/p><p>Si quieres desarrollarte en un entorno que valora tu talento, impulsa el desarrollo profesional y te invita a ser parte de algo m\u00e1s grande, este es tu lugar.<\/p>\t\t\t\t\t\t\t\t<\/div>\n\t\t\t\t<div class=\"elementor-element elementor-element-78b3605 elementor-widget elementor-widget-heading\" data-id=\"78b3605\" data-element_type=\"widget\" data-widget_type=\"heading.default\">\n\t\t\t\t\t<span class=\"elementor-heading-title elementor-size-default\"><a href=\"mailto:legales@olmedo.com.py\" target=\"_blank\">\ud83d\udce9 Env\u00edanos tu hoja de vida a: legales@olmedo.com.py<\/a><\/span>\t\t\t\t<\/div>\n\t\t\t\t<\/div>\n\t\t\t\t<\/div>\n\t\t<div class=\"elementor-element elementor-element-c2d0673 e-con-full e-flex elementor-invisible e-con e-parent\" data-id=\"c2d0673\" data-element_type=\"container\" data-settings=\"{&quot;animation&quot;:&quot;fadeIn&quot;,&quot;background_background&quot;:&quot;classic&quot;}\">\n\t\t<div class=\"elementor-element elementor-element-3e63c05 e-con-full e-flex elementor-invisible e-con e-child\" data-id=\"3e63c05\" data-element_type=\"container\" data-settings=\"{&quot;animation&quot;:&quot;fadeIn&quot;}\">\n\t\t\t\t<div class=\"elementor-element elementor-element-1a2b79c elementor-widget__width-initial elementor-widget elementor-widget-heading\" data-id=\"1a2b79c\" data-element_type=\"widget\" data-settings=\"{&quot;_animation&quot;:&quot;none&quot;}\" data-widget_type=\"heading.default\">\n\t\t\t\t\t<h2 class=\"elementor-heading-title elementor-size-default\">Contact<\/h2>\t\t\t\t<\/div>\n\t\t\t\t<div class=\"elementor-element elementor-element-a78acd0 elementor-widget__width-inherit elementor-widget elementor-widget-jet-engine-booking-form\" data-id=\"a78acd0\" data-element_type=\"widget\" data-widget_type=\"jet-engine-booking-form.default\">\n\t\t\t\t<div class=\"elementor-widget-container\">\n\t\t\t\t\t<form  class=\"jet-form layout-column submit-type-reload\" action=\"\/en\/wp-json\/wp\/v2\/pages\/2144?jet_engine_action=book&#038;nocache=1777544005\" method=\"POST\" data-form-id=\"759\" data-trp-original-action=\"\/en\/wp-json\/wp\/v2\/pages\/2144?jet_engine_action=book&#038;nocache=1777544005\"><input class=\"jet-form__field hidden-field\" type=\"hidden\" name=\"_jet_engine_booking_form_id\" value=\"759\" data-field-name=\"_jet_engine_booking_form_id\"><input class=\"jet-form__field hidden-field\" type=\"hidden\" name=\"_jet_engine_refer\" value=\"https:\/\/www.olmedo.com.py\/en\/wp-json\/wp\/v2\/pages\/2144\" data-field-name=\"_jet_engine_refer\"><div  class=\"jet-form-row jet-form-row--hidden\"><div class=\"jet-form-col jet-form-col-12  field-type-hidden  jet-form-field-container\" data-field=\"post_id\" data-conditional=\"false\"><input class=\"jet-form__field hidden-field\" type=\"hidden\" name=\"post_id\" value=\"2144\" data-field-name=\"post_id\"><\/div><\/div><div  class=\"jet-form-row jet-form-row--first-visible\"><div class=\"jet-form-col jet-form-col-6  field-type-text  jet-form-field-container\" data-field=\"field_nombre\" data-conditional=\"false\"><input class=\"jet-form__field text-field\" placeholder=\"Name\" value=\"\" required=\"required\" name=\"field_nombre\" id=\"field_nombre\" type=\"text\" data-field-name=\"field_nombre\"><\/div><div class=\"jet-form-col jet-form-col-6  field-type-text  jet-form-field-container\" data-field=\"field_mail\" data-conditional=\"false\"><input class=\"jet-form__field text-field\" placeholder=\"Email\" value=\"\" required=\"required\" name=\"field_mail\" id=\"field_mail\" type=\"email\" data-field-name=\"field_mail\"><\/div><\/div><div  class=\"jet-form-row\"><div class=\"jet-form-col jet-form-col-12  field-type-textarea  jet-form-field-container\" data-field=\"field_Mensaje\" data-conditional=\"false\"><textarea class=\"jet-form__field textarea-field\" placeholder=\"Message\" required=\"required\" name=\"field_Mensaje\" data-field-name=\"field_Mensaje\" id=\"field_Mensaje\"><\/textarea><\/div><\/div><div  class=\"jet-form-row jet-form-row--submit\"><div class=\"jet-form-col jet-form-col-12  field-type-submit  jet-form-field-container\" data-field=\"Submit\" data-conditional=\"false\"><div class=\"jet-form__submit-wrap\">\n\t\t<button class=\"jet-form__submit submit-type-reload\" type=\"submit\">Send<\/button>\n<\/div><\/div><\/div><input class=\"jet-form__field hidden-field\" type=\"hidden\" name=\"_jet_engine_nonce\" value=\"b460a1c837\" data-field-name=\"_jet_engine_nonce\"><input type=\"hidden\" name=\"trp-form-language\" value=\"en\"\/><\/form>\t\t\t\t<\/div>\n\t\t\t\t<\/div>\n\t\t\t\t<\/div>\n\t\t\t\t<\/div>\n\t\t\t\t<\/div>","protected":false},"excerpt":{"rendered":"<p>En Olmedo Abogados creemos que el talento es el motor que impulsa nuestra historia y proyecta nuestro futuro. Con m\u00e1s de cinco d\u00e9cadas de trayectoria, hemos construido una firma s\u00f3lida, combinando experiencia, innovaci\u00f3n y una visi\u00f3n actual del entorno legal en Paraguay. Hoy, apostamos por nuevas generaciones para seguir creciendo. Buscamos talento alineado a nuestro [&hellip;]<\/p>\n","protected":false},"author":1,"featured_media":0,"parent":0,"menu_order":0,"comment_status":"closed","ping_status":"closed","template":"full-width.php","meta":{"_acf_changed":false,"footnotes":""},"class_list":["post-2144","page","type-page","status-publish","hentry"],"acf":[],"_links":{"self":[{"href":"https:\/\/www.olmedo.com.py\/en\/wp-json\/wp\/v2\/pages\/2144","targetHints":{"allow":["GET"]}}],"collection":[{"href":"https:\/\/www.olmedo.com.py\/en\/wp-json\/wp\/v2\/pages"}],"about":[{"href":"https:\/\/www.olmedo.com.py\/en\/wp-json\/wp\/v2\/types\/page"}],"author":[{"embeddable":true,"href":"https:\/\/www.olmedo.com.py\/en\/wp-json\/wp\/v2\/users\/1"}],"replies":[{"embeddable":true,"href":"https:\/\/www.olmedo.com.py\/en\/wp-json\/wp\/v2\/comments?post=2144"}],"version-history":[{"count":6,"href":"https:\/\/www.olmedo.com.py\/en\/wp-json\/wp\/v2\/pages\/2144\/revisions"}],"predecessor-version":[{"id":2151,"href":"https:\/\/www.olmedo.com.py\/en\/wp-json\/wp\/v2\/pages\/2144\/revisions\/2151"}],"wp:attachment":[{"href":"https:\/\/www.olmedo.com.py\/en\/wp-json\/wp\/v2\/media?parent=2144"}],"curies":[{"name":"wp","href":"https:\/\/api.w.org\/{rel}","templated":true}]}}